{"id":69,"date":"2023-10-11T12:08:25","date_gmt":"2023-10-11T10:08:25","guid":{"rendered":"https:\/\/ventesimmobilier.fr\/blog\/?page_id=69"},"modified":"2024-03-21T12:06:16","modified_gmt":"2024-03-21T11:06:16","slug":"lequipe","status":"publish","type":"page","link":"https:\/\/ventesimmobilier.fr\/blog\/lequipe\/","title":{"rendered":"L&rsquo;\u00e9quipe &#038; \u00c9dito"},"content":{"rendered":"\t\t\t<style>.authors-list-cols-dir-horizontal .authors-list-col{display:block;float:left;margin-right:3.42%}.authors-list-cols-dir-horizontal .authors-list-col-1{width:5.198%}.authors-list-cols-dir-horizontal .authors-list-col-2{width:13.81%}.authors-list-cols-dir-horizontal .authors-list-col-3{width:22.43%}.authors-list-cols-dir-horizontal .authors-list-col-4{width:31.05%}.authors-list-cols-dir-horizontal .authors-list-col-5{width:39.67%}.authors-list-cols-dir-horizontal .authors-list-col-6{width:48.29%}.authors-list-cols-dir-horizontal .authors-list-col-7{width:56.9%}.authors-list-cols-dir-horizontal .authors-list-col-8{width:65.52%}.authors-list-cols-dir-horizontal .authors-list-col-9{width:74.14%}.authors-list-cols-dir-horizontal .authors-list-col-10{width:82.76%}.authors-list-cols-dir-horizontal .authors-list-col-11{width:91.38%}.authors-list-cols-dir-horizontal .authors-list-col-12{width:100%}.authors-list-cols-dir-horizontal .authors-list-col-last{margin-right:0}.authors-list-cols-dir-horizontal .authors-list-col-first{clear:both}.authors-list-cols-dir-horizontal.authors-list-cols-2 .authors-list-col:nth-child(2n){margin-right:0}.authors-list-cols-dir-horizontal.authors-list-cols-2 .authors-list-col:nth-child(2n+1){clear:both}.authors-list-cols-dir-horizontal.authors-list-cols-3 .authors-list-col:nth-child(3n){margin-right:0}.authors-list-cols-dir-horizontal.authors-list-cols-3 .authors-list-col:nth-child(3n+1){clear:both}.authors-list-cols-dir-horizontal.authors-list-cols-4 .authors-list-col:nth-child(4n){margin-right:0}.authors-list-cols-dir-horizontal.authors-list-cols-4 .authors-list-col:nth-child(4n+1){clear:both}.authors-list-cols-dir-vertical{column-gap:3.42%}.authors-list-cols-dir-vertical.authors-list-cols-2{column-count:2}.authors-list-cols-dir-vertical.authors-list-cols-3{column-count:3}.authors-list-cols-dir-vertical.authors-list-cols-3{column-count:3}.authors-list-cols-dir-vertical.authors-list-cols-4{column-count:4}.authors-list-clearfix:after,.authors-list-clearfix:before{content:\" \";display:table}.authors-list-clearfix:after{clear:both}.authors-list-item{margin-bottom:30px;position:relative}.authors-list-cols-dir-vertical .authors-list-item{break-inside:avoid-column;page-break-inside:avoid}.authors-list-item-thumbnail{margin-bottom:20px;position:relative}.authors-list-item-thumbnail a,.authors-list-item-thumbnail img{display:block;position:relative;border:0}.authors-list-item-thumbnail img{max-width:100%;height:auto;border-radius:inherit;}.authors-list-item-title{font-size:22px;font-weight:700;margin-bottom:5px}.authors-list-item-title a{color:inherit}.authors-list-item-subtitle{margin-bottom:5px;font-size:80%}.authors-list-item-social{margin-bottom:10px}.authors-list-item-social a{font-size:15px;margin-right:5px;text-decoration:none}.authors-list-item-social svg{width:15px}.authors-list-item-social-facebook{fill:#3b5998}.authors-list-item-social-instagram{fill:#405de6}.authors-list-item-social-linkedin{fill:#0077b5}.authors-list-item-social-pinterest{fill:#bd081c}.authors-list-item-social-tumblr{fill:#35465c}.authors-list-item-social-twitter{fill:#1da1f2}.authors-list-item-social-youtube{fill:red}.authors-list-item-social-tiktok{fill:#1e3050}.authors-list-item-excerpt{margin-bottom:10px}.authors-list-items-s2 .authors-list-item-main{position:absolute;bottom:0;left:0;right:0;padding:30px;color:#fff;background:rgba(0,0,0,.3)}.authors-list-items-s2 .authors-list-item-thumbnail{margin-bottom:0}.authors-list-items-s2 .authors-list-item-title{color:inherit}.authors-list-items-s2 .authors-list-item-link{color:inherit}.authors-list-items-s3 .authors-list-item-thumbnail{margin-bottom:0}.authors-list-items-s3 .authors-list-item-main{position:absolute;bottom:0;left:0;right:0;top:0;padding:30px;opacity:0;transform:scale(0);transition:all .3s;background:#fff;border:2px solid #eee}.authors-list-items-s3 .authors-list-item:hover .authors-list-item-main{opacity:1;transform:scale(1)}.authors-list-items-s4 .authors-list-item-thumbnail{float:left;margin-right:20px;width:25%}.authors-list-item-s4 .authors-list-item-main{overflow:hidden}.author-list-item-after-avatar,.author-list-item-after-bio,.author-list-item-after-count,.author-list-item-after-link,.author-list-item-after-title,.author-list-item-before-avatar,.author-list-item-before-bio,.author-list-item-before-count,.author-list-item-before-link,.author-list-item-before-title{margin-bottom:5px}@media only screen and (max-width:767px){.authors-list-cols-dir-horizontal .authors-list-col{width:100%;margin-right:0!important}.authors-list-cols-dir-vertical{column-count:1!important}}.authors-list-pagination{text-align:center}.authors-list-pagination li{display:inline-block;margin:0 2px}.authors-list-pagination li a,.authors-list-pagination li>span{display:inline-block;border:1px solid rgba(0,0,0,.2);padding:10px;line-height:1}<\/style>\n\t\t\t\t\t\t<div class=\"authors-list-items authors-list-items-s4 authors-list-clearfix authors-list-cols-2 authors-list-cols-dir-horizontal \">\n\t\t\t\n\t\t<div class=\"authors-list-item authors-list-item-clearfix authors-list-col authors-list-col-6\">\n\n\t\t\t\t\t\t\t<div class=\"authors-list-item-thumbnail\">\n\t\t\t\t\t\n\t\t\t\t\t<a href=\"https:\/\/ventesimmobilier.fr\/blog\/auteur\/antoine-dupont\/\" class=\"author-list-item-avatar\">\n\t\t\t\t\t\t\t\t\t\t\t\t\t<img alt='Antoine Dupont' src='https:\/\/secure.gravatar.com\/avatar\/?s=500&#038;d=mm&#038;r=g' srcset='https:\/\/secure.gravatar.com\/avatar\/?s=1000&#038;d=mm&#038;r=g 2x' class='avatar avatar-500 photo avatar-default' height='500' width='500' \/>\t\t\t\t\t\t\t\t\t\t\t<\/a>\n\n\t\t\t\t\t\t\t\t\t<\/div><!-- .team-item-thumbnail -->\n\t\t\t\n\t\t\t<div class=\"authors-list-item-main\">\n\n\t\t\t\t\n\t\t\t\t\t\t\t\t\t<div class=\"authors-list-item-title\">\n\t\t\t\t\t\t<a href=\"https:\/\/ventesimmobilier.fr\/blog\/auteur\/antoine-dupont\/\">Antoine Dupont<\/a>\n\t\t\t\t\t<\/div>\n\t\t\t\t\n\t\t\t\t\n\t\t\t\t\n\t\t\t\t\n\t\t\t\t\n\t\t\t\t\n\t\t\t\t\t\t\t\t\t<div class=\"authors-list-item-excerpt\">\n\t\t\t\t\t\tInvestisseur immobilier et conseiller en strat\u00e9gie locative. Antoine donne des analyses sur les opportunit\u00e9s d\u2019investissement, les villes rentables et les strat\u00e9gies d\u2019achat pour la location.\t\t\t\t\t<\/div>\n\t\t\t\t\n\t\t\t\t\n\t\t\t\t\n\t\t\t\t\t\t\t\t\t\t\t\t\t\t<a href=\"https:\/\/ventesimmobilier.fr\/blog\/auteur\/antoine-dupont\/\" class=\"authors-list-item-link\" aria-label=\" - Voir les articles &rarr;\">Voir les articles &rarr;<\/a>\n\t\t\t\t\n\t\t\t\t\n\t\t\t<\/div><!-- .team-item-main -->\n\n\t\t<\/div><!-- .authors-list-item -->\n\n\t\t\n\t\t<div class=\"authors-list-item authors-list-item-clearfix authors-list-col authors-list-col-6\">\n\n\t\t\t\t\t\t\t<div class=\"authors-list-item-thumbnail\">\n\t\t\t\t\t\n\t\t\t\t\t<a href=\"https:\/\/ventesimmobilier.fr\/blog\/auteur\/noname\/\" class=\"author-list-item-avatar\">\n\t\t\t\t\t\t\t\t\t\t\t\t\t<img alt='Lucas M.' src='https:\/\/ventesimmobilier.fr\/blog\/wp-content\/uploads\/2026\/01\/telechargement-1-150x150.jpg' srcset='https:\/\/ventesimmobilier.fr\/blog\/wp-content\/uploads\/2026\/01\/telechargement-1-150x150.jpg 2x' class='avatar avatar-500 photo' height='500' width='500' \/>\t\t\t\t\t\t\t\t\t\t\t<\/a>\n\n\t\t\t\t\t\t\t\t\t<\/div><!-- .team-item-thumbnail -->\n\t\t\t\n\t\t\t<div class=\"authors-list-item-main\">\n\n\t\t\t\t\n\t\t\t\t\t\t\t\t\t<div class=\"authors-list-item-title\">\n\t\t\t\t\t\t<a href=\"https:\/\/ventesimmobilier.fr\/blog\/auteur\/noname\/\">Lucas M.<\/a>\n\t\t\t\t\t<\/div>\n\t\t\t\t\n\t\t\t\t\n\t\t\t\t\n\t\t\t\t\n\t\t\t\t\n\t\t\t\t\n\t\t\t\t\t\t\t\t\t<div class=\"authors-list-item-excerpt\">\n\t\t\t\t\t\tLucas Martin est r\u00e9dacteur web sp\u00e9cialis\u00e9 dans les th\u00e9matiques finance et immobilier. Il r\u00e9dige des articles informatifs et pratiques sur la gestion financi\u00e8re, l\u2019investissement, l\u2019entrepreneuriat et le march\u00e9 immobilier. Son objectif est de rendre des sujets parfois complexes simples, concrets et directement applicables.\t\t\t\t\t<\/div>\n\t\t\t\t\n\t\t\t\t\n\t\t\t\t\n\t\t\t\t\t\t\t\t\t\t\t\t\t\t<a href=\"https:\/\/ventesimmobilier.fr\/blog\/auteur\/noname\/\" class=\"authors-list-item-link\" aria-label=\" - Voir les articles &rarr;\">Voir les articles &rarr;<\/a>\n\t\t\t\t\n\t\t\t\t\n\t\t\t<\/div><!-- .team-item-main -->\n\n\t\t<\/div><!-- .authors-list-item -->\n\n\t\t\n\t\t\t<span class=\"spinner\">\n\t\t\t\t<span class=\"spin\">\n\t\t\t\t\t<svg xmlns=\"http:\/\/www.w3.org\/2000\/svg\" viewBox=\"0 0 512 512\">\n\t\t\t\t\t\t<path d=\"M304 48C304 74.51 282.5 96 256 96C229.5 96 208 74.51 208 48C208 21.49 229.5 0 256 0C282.5 0 304 21.49 304 48zM304 464C304 490.5 282.5 512 256 512C229.5 512 208 490.5 208 464C208 437.5 229.5 416 256 416C282.5 416 304 437.5 304 464zM0 256C0 229.5 21.49 208 48 208C74.51 208 96 229.5 96 256C96 282.5 74.51 304 48 304C21.49 304 0 282.5 0 256zM512 256C512 282.5 490.5 304 464 304C437.5 304 416 282.5 416 256C416 229.5 437.5 208 464 208C490.5 208 512 229.5 512 256zM74.98 437C56.23 418.3 56.23 387.9 74.98 369.1C93.73 350.4 124.1 350.4 142.9 369.1C161.6 387.9 161.6 418.3 142.9 437C124.1 455.8 93.73 455.8 74.98 437V437zM142.9 142.9C124.1 161.6 93.73 161.6 74.98 142.9C56.24 124.1 56.24 93.73 74.98 74.98C93.73 56.23 124.1 56.23 142.9 74.98C161.6 93.73 161.6 124.1 142.9 142.9zM369.1 369.1C387.9 350.4 418.3 350.4 437 369.1C455.8 387.9 455.8 418.3 437 437C418.3 455.8 387.9 455.8 369.1 437C350.4 418.3 350.4 387.9 369.1 369.1V369.1z\"\/>\n\t\t\t\t\t<\/svg>\n\t\t\t\t<\/span>\n\t\t\t<\/span>\n\n\t\t\t\t\t\t<\/div><!-- authors-list-items -->\n\t\t\t\n","protected":false},"excerpt":{"rendered":"","protected":false},"author":34,"featured_media":0,"parent":0,"menu_order":0,"comment_status":"closed","ping_status":"closed","template":"","meta":{"_acf_changed":false,"manual_indexmenow":false,"indexmenow_id_project":0,"footnotes":""},"class_list":["post-69","page","type-page","status-publish"],"acf":[],"yoast_head":"<!-- This site is optimized with the Yoast SEO Premium plugin v21.3 (Yoast SEO v26.5) - https:\/\/yoast.com\/wordpress\/plugins\/seo\/ -->\n<title>L&#039;\u00e9quipe &amp; \u00c9dito<\/title>\n<meta name=\"robots\" content=\"index, follow, max-snippet:-1, max-image-preview:large, max-video-preview:-1\" \/>\n<link rel=\"canonical\" href=\"https:\/\/ventesimmobilier.fr\/blog\/lequipe\/\" \/>\n<meta property=\"og:locale\" content=\"fr_FR\" \/>\n<meta property=\"og:type\" content=\"article\" \/>\n<meta property=\"og:title\" content=\"L&#039;\u00e9quipe &amp; \u00c9dito\" \/>\n<meta property=\"og:url\" content=\"https:\/\/ventesimmobilier.fr\/blog\/lequipe\/\" \/>\n<meta property=\"og:site_name\" content=\"ventesimmobilier\" \/>\n<meta name=\"twitter:card\" content=\"summary_large_image\" \/>\n<script type=\"application\/ld+json\" class=\"yoast-schema-graph\">{\"@context\":\"https:\/\/schema.org\",\"@graph\":[{\"@type\":\"WebPage\",\"@id\":\"https:\/\/ventesimmobilier.fr\/blog\/lequipe\/\",\"url\":\"https:\/\/ventesimmobilier.fr\/blog\/lequipe\/\",\"name\":\"L'\u00e9quipe & \u00c9dito\",\"isPartOf\":{\"@id\":\"https:\/\/ventesimmobilier.fr\/blog\/#website\"},\"datePublished\":\"2023-10-11T10:08:25+00:00\",\"dateModified\":\"2024-03-21T11:06:16+00:00\",\"inLanguage\":\"fr-FR\",\"potentialAction\":[{\"@type\":\"ReadAction\",\"target\":[\"https:\/\/ventesimmobilier.fr\/blog\/lequipe\/\"]}]},{\"@type\":\"WebSite\",\"@id\":\"https:\/\/ventesimmobilier.fr\/blog\/#website\",\"url\":\"https:\/\/ventesimmobilier.fr\/blog\/\",\"name\":\"ventesimmobilier.fr\",\"description\":\"R\u00e9ussissez vos transactions en toute confiance.\",\"publisher\":{\"@id\":\"https:\/\/ventesimmobilier.fr\/blog\/#organization\"},\"alternateName\":\"R\u00e9ussissez vos transactions en toute confiance.\",\"potentialAction\":[{\"@type\":\"SearchAction\",\"target\":{\"@type\":\"EntryPoint\",\"urlTemplate\":\"https:\/\/ventesimmobilier.fr\/blog\/?s={search_term_string}\"},\"query-input\":{\"@type\":\"PropertyValueSpecification\",\"valueRequired\":true,\"valueName\":\"search_term_string\"}}],\"inLanguage\":\"fr-FR\"},{\"@type\":\"Organization\",\"@id\":\"https:\/\/ventesimmobilier.fr\/blog\/#organization\",\"name\":\"Foretsensations.fr\",\"url\":\"https:\/\/ventesimmobilier.fr\/blog\/\",\"logo\":{\"@type\":\"ImageObject\",\"inLanguage\":\"fr-FR\",\"@id\":\"https:\/\/ventesimmobilier.fr\/blog\/#\/schema\/logo\/image\/\",\"url\":\"https:\/\/ventesimmobilier.fr\/blog\/wp-content\/uploads\/2024\/12\/41.png\",\"contentUrl\":\"https:\/\/ventesimmobilier.fr\/blog\/wp-content\/uploads\/2024\/12\/41.png\",\"width\":500,\"height\":500,\"caption\":\"Foretsensations.fr\"},\"image\":{\"@id\":\"https:\/\/ventesimmobilier.fr\/blog\/#\/schema\/logo\/image\/\"}}]}<\/script>\n<!-- \/ Yoast SEO Premium plugin. -->","yoast_head_json":{"title":"L'\u00e9quipe & \u00c9dito","robots":{"index":"index","follow":"follow","max-snippet":"max-snippet:-1","max-image-preview":"max-image-preview:large","max-video-preview":"max-video-preview:-1"},"canonical":"https:\/\/ventesimmobilier.fr\/blog\/lequipe\/","og_locale":"fr_FR","og_type":"article","og_title":"L'\u00e9quipe & \u00c9dito","og_url":"https:\/\/ventesimmobilier.fr\/blog\/lequipe\/","og_site_name":"ventesimmobilier","twitter_card":"summary_large_image","schema":{"@context":"https:\/\/schema.org","@graph":[{"@type":"WebPage","@id":"https:\/\/ventesimmobilier.fr\/blog\/lequipe\/","url":"https:\/\/ventesimmobilier.fr\/blog\/lequipe\/","name":"L'\u00e9quipe & \u00c9dito","isPartOf":{"@id":"https:\/\/ventesimmobilier.fr\/blog\/#website"},"datePublished":"2023-10-11T10:08:25+00:00","dateModified":"2024-03-21T11:06:16+00:00","inLanguage":"fr-FR","potentialAction":[{"@type":"ReadAction","target":["https:\/\/ventesimmobilier.fr\/blog\/lequipe\/"]}]},{"@type":"WebSite","@id":"https:\/\/ventesimmobilier.fr\/blog\/#website","url":"https:\/\/ventesimmobilier.fr\/blog\/","name":"ventesimmobilier.fr","description":"R\u00e9ussissez vos transactions en toute confiance.","publisher":{"@id":"https:\/\/ventesimmobilier.fr\/blog\/#organization"},"alternateName":"R\u00e9ussissez vos transactions en toute confiance.","potentialAction":[{"@type":"SearchAction","target":{"@type":"EntryPoint","urlTemplate":"https:\/\/ventesimmobilier.fr\/blog\/?s={search_term_string}"},"query-input":{"@type":"PropertyValueSpecification","valueRequired":true,"valueName":"search_term_string"}}],"inLanguage":"fr-FR"},{"@type":"Organization","@id":"https:\/\/ventesimmobilier.fr\/blog\/#organization","name":"Foretsensations.fr","url":"https:\/\/ventesimmobilier.fr\/blog\/","logo":{"@type":"ImageObject","inLanguage":"fr-FR","@id":"https:\/\/ventesimmobilier.fr\/blog\/#\/schema\/logo\/image\/","url":"https:\/\/ventesimmobilier.fr\/blog\/wp-content\/uploads\/2024\/12\/41.png","contentUrl":"https:\/\/ventesimmobilier.fr\/blog\/wp-content\/uploads\/2024\/12\/41.png","width":500,"height":500,"caption":"Foretsensations.fr"},"image":{"@id":"https:\/\/ventesimmobilier.fr\/blog\/#\/schema\/logo\/image\/"}}]}},"_links":{"self":[{"href":"https:\/\/ventesimmobilier.fr\/blog\/wp-json\/wp\/v2\/pages\/69","targetHints":{"allow":["GET"]}}],"collection":[{"href":"https:\/\/ventesimmobilier.fr\/blog\/wp-json\/wp\/v2\/pages"}],"about":[{"href":"https:\/\/ventesimmobilier.fr\/blog\/wp-json\/wp\/v2\/types\/page"}],"author":[{"embeddable":true,"href":"https:\/\/ventesimmobilier.fr\/blog\/wp-json\/wp\/v2\/users\/34"}],"replies":[{"embeddable":true,"href":"https:\/\/ventesimmobilier.fr\/blog\/wp-json\/wp\/v2\/comments?post=69"}],"version-history":[{"count":34,"href":"https:\/\/ventesimmobilier.fr\/blog\/wp-json\/wp\/v2\/pages\/69\/revisions"}],"predecessor-version":[{"id":2150,"href":"https:\/\/ventesimmobilier.fr\/blog\/wp-json\/wp\/v2\/pages\/69\/revisions\/2150"}],"wp:attachment":[{"href":"https:\/\/ventesimmobilier.fr\/blog\/wp-json\/wp\/v2\/media?parent=69"}],"curies":[{"name":"wp","href":"https:\/\/api.w.org\/{rel}","templated":true}]}}